{"id":46,"date":"2023-07-11T20:10:49","date_gmt":"2023-07-11T20:10:49","guid":{"rendered":"https:\/\/atic.com.br\/loja\/?post_type=product&#038;p=46"},"modified":"2024-01-23T19:17:34","modified_gmt":"2024-01-23T19:17:34","slug":"nr12","status":"publish","type":"product","link":"https:\/\/atic.com.br\/loja\/product\/nr12\/","title":{"rendered":"NR12 &#8211; Seguran\u00e7a no Trabalho em M\u00e1quinas e Equipamentos"},"content":{"rendered":"<p><strong>Descri\u00e7\u00e3o:<\/strong><\/p>\n<p>O curso NR12 &#8211; Seguran\u00e7a no Trabalho em M\u00e1quinas e Equipamentos \u00e9 projetado para operadores e profissionais que lidam com diversos tipos de m\u00e1quinas industriais e equipamentos. O treinamento abrange conceitos te\u00f3ricos sobre seguran\u00e7a, normas regulamentadoras, opera\u00e7\u00e3o correta, inspe\u00e7\u00e3o, manuten\u00e7\u00e3o preventiva e medidas de preven\u00e7\u00e3o de acidentes. O objetivo principal \u00e9 capacitar os participantes a trabalhar de forma segura com m\u00e1quinas e equipamentos, reduzindo riscos e garantindo a integridade f\u00edsica.<\/p>\n<p><strong>Para quem:<\/strong><\/p>\n<p>Este curso da NR12 destina-se a operadores de m\u00e1quinas industriais, t\u00e9cnicos de manuten\u00e7\u00e3o, engenheiros, supervisores e quaisquer profissionais que interajam com m\u00e1quinas e equipamentos em ambientes industriais. A forma\u00e7\u00e3o tem como prop\u00f3sito habilitar esses indiv\u00edduos a desempenharem suas atividades de maneira segura, adotando pr\u00e1ticas adequadas de opera\u00e7\u00e3o, manuseio e manuten\u00e7\u00e3o. A compreens\u00e3o das normas de seguran\u00e7a e o uso de EPIs tamb\u00e9m s\u00e3o abordados, visando a cria\u00e7\u00e3o de um ambiente de trabalho seguro e saud\u00e1vel.<\/p>\n<p><strong>Funcionamento<\/strong>:<\/p>\n<p>O conte\u00fado dos cursos ser\u00e1 liberado com um prazo de 24 horas ap\u00f3s a aprova\u00e7\u00e3o do pagamento.<\/p>\n<p>Os certificados ser\u00e3o enviados por e-mail em at\u00e9 1 dia \u00fatil ap\u00f3s o aluno concluir o curso e ser aprovado na avalia\u00e7\u00e3o.<\/p>\n<p><strong>Carga Hor\u00e1ria:<\/strong>\u00a0 8horas<\/p>\n<p><strong>Validade:<\/strong> Alguns empregadores optam por realizar o treinamento anualmente.<\/p>\n","protected":false},"excerpt":{"rendered":"<p>Descri\u00e7\u00e3o: O curso NR12 &#8211; Seguran\u00e7a no Trabalho em M\u00e1quinas e Equipamentos \u00e9 projetado para operadores e profissionais que lidam com diversos tipos de m\u00e1quinas industriais e equipamentos. O treinamento abrange conceitos te\u00f3ricos sobre seguran\u00e7a, normas regulamentadoras, opera\u00e7\u00e3o correta, inspe\u00e7\u00e3o, manuten\u00e7\u00e3o preventiva e medidas de preven\u00e7\u00e3o de acidentes. O objetivo principal \u00e9 capacitar os participantes [&hellip;]<\/p>\n","protected":false},"featured_media":205,"comment_status":"open","ping_status":"closed","template":"","meta":{"_monsterinsights_skip_tracking":false,"_monsterinsights_sitenote_active":false,"_monsterinsights_sitenote_note":"","_monsterinsights_sitenote_category":0,"_uf_show_specific_survey":0,"_uf_disable_surveys":false,"_joinchat":[]},"product_cat":[15,21],"product_tag":[20],"class_list":{"0":"post-46","1":"product","2":"type-product","3":"status-publish","4":"has-post-thumbnail","6":"product_cat-treinamentos","7":"product_cat-ead","8":"product_tag-curso","10":"first","11":"instock","12":"virtual","13":"purchasable","14":"product-type-simple"},"aioseo_notices":[],"_links":{"self":[{"href":"https:\/\/atic.com.br\/loja\/wp-json\/wp\/v2\/product\/46","targetHints":{"allow":["GET"]}}],"collection":[{"href":"https:\/\/atic.com.br\/loja\/wp-json\/wp\/v2\/product"}],"about":[{"href":"https:\/\/atic.com.br\/loja\/wp-json\/wp\/v2\/types\/product"}],"replies":[{"embeddable":true,"href":"https:\/\/atic.com.br\/loja\/wp-json\/wp\/v2\/comments?post=46"}],"wp:featuredmedia":[{"embeddable":true,"href":"https:\/\/atic.com.br\/loja\/wp-json\/wp\/v2\/media\/205"}],"wp:attachment":[{"href":"https:\/\/atic.com.br\/loja\/wp-json\/wp\/v2\/media?parent=46"}],"wp:term":[{"taxonomy":"product_cat","embeddable":true,"href":"https:\/\/atic.com.br\/loja\/wp-json\/wp\/v2\/product_cat?post=46"},{"taxonomy":"product_tag","embeddable":true,"href":"https:\/\/atic.com.br\/loja\/wp-json\/wp\/v2\/product_tag?post=46"}],"curies":[{"name":"wp","href":"https:\/\/api.w.org\/{rel}","templated":true}]}}