{"id":37,"date":"2023-07-11T17:27:24","date_gmt":"2023-07-11T17:27:24","guid":{"rendered":"https:\/\/atic.com.br\/loja\/?post_type=product&#038;p=37"},"modified":"2025-01-28T12:49:56","modified_gmt":"2025-01-28T12:49:56","slug":"nr35","status":"publish","type":"product","link":"https:\/\/atic.com.br\/loja\/product\/nr35\/","title":{"rendered":"NR35 &#8211; Trabalho em Altura"},"content":{"rendered":"<p><strong>Descri\u00e7\u00e3o:<\/strong><\/p>\n<p>A NR35 \u00e9 uma norma que trata da seguran\u00e7a no trabalho em altura. O treinamento relacionado a ela capacita os trabalhadores que realizam atividades em altura, visando garantir sua seguran\u00e7a. O treinamento abrange a identifica\u00e7\u00e3o de riscos, ado\u00e7\u00e3o de medidas preventivas, procedimentos corretos de trabalho em altura e t\u00e9cnicas de resgate e primeiros socorros. O objetivo \u00e9 evitar acidentes e promover a seguran\u00e7a dos trabalhadores. O treinamento deve ser realizado por profissionais qualificados, e a norma exige um planejamento pr\u00e9vio das atividades em altura e a elabora\u00e7\u00e3o de um procedimento operacional padr\u00e3o.<\/p>\n<p><strong>Para quem:<\/strong><\/p>\n<p>O curso relacionado \u00e0 NR35 \u00e9 destinado a trabalhadores que realizam atividades em altura, como profissionais da constru\u00e7\u00e3o civil, t\u00e9cnicos de manuten\u00e7\u00e3o, trabalhadores de torres e antenas, profissionais de limpeza e equipes de resgate. O objetivo do curso \u00e9 capacitar os trabalhadores para realizar essas atividades de forma segura, prevenindo acidentes. O treinamento abrange a identifica\u00e7\u00e3o de riscos, medidas preventivas, procedimentos corretos de trabalho em altura e t\u00e9cnicas de resgate. O objetivo \u00e9 garantir a seguran\u00e7a dos trabalhadores e promover boas pr\u00e1ticas no trabalho em altura.<\/p>\n<p><strong>Funcionamento<\/strong>:<\/p>\n<p>O conte\u00fado dos cursos ser\u00e1 liberado com um prazo de 24 horas ap\u00f3s a aprova\u00e7\u00e3o do pagamento.<\/p>\n<p>Os certificados ser\u00e3o enviados por e-mail em at\u00e9 1 dia \u00fatil ap\u00f3s o aluno concluir o curso e ser aprovado na avalia\u00e7\u00e3o.<\/p>\n<p><strong>Carga Hor\u00e1ria:<\/strong>\u00a0 8horas<\/p>\n<p><strong>Validade:<\/strong> Alguns empregadores optam por realizar o treinamento anualmente.<\/p>\n","protected":false},"excerpt":{"rendered":"<p>Seguran\u00e7a em Trabalhos em Altura<\/p>\n","protected":false},"featured_media":287,"comment_status":"open","ping_status":"closed","template":"","meta":{"_monsterinsights_skip_tracking":false,"_monsterinsights_sitenote_active":false,"_monsterinsights_sitenote_note":"","_monsterinsights_sitenote_category":0,"_uf_show_specific_survey":0,"_uf_disable_surveys":false,"_joinchat":[]},"product_cat":[15,21],"product_tag":[20],"class_list":{"0":"post-37","1":"product","2":"type-product","3":"status-publish","4":"has-post-thumbnail","6":"product_cat-treinamentos","7":"product_cat-ead","8":"product_tag-curso","10":"first","11":"instock","12":"virtual","13":"purchasable","14":"product-type-simple"},"aioseo_notices":[],"_links":{"self":[{"href":"https:\/\/atic.com.br\/loja\/wp-json\/wp\/v2\/product\/37","targetHints":{"allow":["GET"]}}],"collection":[{"href":"https:\/\/atic.com.br\/loja\/wp-json\/wp\/v2\/product"}],"about":[{"href":"https:\/\/atic.com.br\/loja\/wp-json\/wp\/v2\/types\/product"}],"replies":[{"embeddable":true,"href":"https:\/\/atic.com.br\/loja\/wp-json\/wp\/v2\/comments?post=37"}],"wp:featuredmedia":[{"embeddable":true,"href":"https:\/\/atic.com.br\/loja\/wp-json\/wp\/v2\/media\/287"}],"wp:attachment":[{"href":"https:\/\/atic.com.br\/loja\/wp-json\/wp\/v2\/media?parent=37"}],"wp:term":[{"taxonomy":"product_cat","embeddable":true,"href":"https:\/\/atic.com.br\/loja\/wp-json\/wp\/v2\/product_cat?post=37"},{"taxonomy":"product_tag","embeddable":true,"href":"https:\/\/atic.com.br\/loja\/wp-json\/wp\/v2\/product_tag?post=37"}],"curies":[{"name":"wp","href":"https:\/\/api.w.org\/{rel}","templated":true}]}}