{"id":366,"date":"2023-07-13T19:29:24","date_gmt":"2023-07-13T19:29:24","guid":{"rendered":"https:\/\/atic.com.br\/loja\/?post_type=product&#038;p=366"},"modified":"2025-05-31T04:53:09","modified_gmt":"2025-05-31T04:53:09","slug":"nr20","status":"publish","type":"product","link":"https:\/\/atic.com.br\/loja\/product\/nr20\/","title":{"rendered":"NR20 &#8211; Seguran\u00e7a e Sa\u00fade no Trabalho com Inflam\u00e1veis e Combust\u00edveis"},"content":{"rendered":"<p><strong>Descri\u00e7\u00e3o:<\/strong><\/p>\n<p>A Norma Regulamentadora 20 (NR20) \u00e9 uma regulamenta\u00e7\u00e3o brasileira que estabelece requisitos de seguran\u00e7a e sa\u00fade no trabalho relacionados a l\u00edquidos inflam\u00e1veis e combust\u00edveis. Ela se aplica a todas as atividades que envolvam armazenamento, manuseio, transporte e manipula\u00e7\u00e3o dessas subst\u00e2ncias.<\/p>\n<p><strong>Para quem:<\/strong><\/p>\n<p>A Norma Regulamentadora 20 (NR20) \u00e9 aplic\u00e1vel a todas as empresas e trabalhadores que lidam com l\u00edquidos inflam\u00e1veis e combust\u00edveis em suas atividades. Isso inclui setores como ind\u00fastria petroqu\u00edmica, refinarias, postos de combust\u00edvel, empresas de transporte e armazenamento de produtos inflam\u00e1veis, entre outros.<\/p>\n<p>O treinamento e a implementa\u00e7\u00e3o dos requisitos da NR20 s\u00e3o essenciais para garantir a seguran\u00e7a e a sa\u00fade dos trabalhadores envolvidos no manuseio, armazenamento e transporte de l\u00edquidos inflam\u00e1veis e combust\u00edveis. Isso inclui operadores de equipamentos, motoristas de caminh\u00f5es-tanque, profissionais de armazenamento, supervisores, t\u00e9cnicos de seguran\u00e7a e qualquer pessoa que esteja exposta a essas subst\u00e2ncias no ambiente de trabalho.<\/p>\n<p><strong>Funcionamento<\/strong>:<\/p>\n<p>O conte\u00fado dos cursos ser\u00e1 liberado com um prazo de 24 horas ap\u00f3s a aprova\u00e7\u00e3o do pagamento.<\/p>\n<p>Os certificados ser\u00e3o enviados por e-mail em at\u00e9 1 dia \u00fatil ap\u00f3s o aluno concluir o curso e ser aprovado na avalia\u00e7\u00e3o.<\/p>\n<p><strong>Carga Hor\u00e1ria:<\/strong>\u00a0 8horas<\/p>\n<p><strong>Validade:<\/strong> Alguns empregadores optam por realizar o treinamento anualmente.<\/p>\n","protected":false},"excerpt":{"rendered":"<p>A Norma Regulamentadora 20 (NR20) \u00e9 aplic\u00e1vel a todas as empresas e trabalhadores que lidam com l\u00edquidos inflam\u00e1veis e combust\u00edveis em suas atividades.<\/p>\n","protected":false},"featured_media":367,"comment_status":"open","ping_status":"closed","template":"","meta":{"_monsterinsights_skip_tracking":false,"_monsterinsights_sitenote_active":false,"_monsterinsights_sitenote_note":"","_monsterinsights_sitenote_category":0,"_uf_show_specific_survey":0,"_uf_disable_surveys":false,"_joinchat":[]},"product_cat":[15,21],"product_tag":[20],"class_list":{"0":"post-366","1":"product","2":"type-product","3":"status-publish","4":"has-post-thumbnail","6":"product_cat-treinamentos","7":"product_cat-ead","8":"product_tag-curso","10":"first","11":"instock","12":"virtual","13":"purchasable","14":"product-type-simple"},"aioseo_notices":[],"_links":{"self":[{"href":"https:\/\/atic.com.br\/loja\/wp-json\/wp\/v2\/product\/366","targetHints":{"allow":["GET"]}}],"collection":[{"href":"https:\/\/atic.com.br\/loja\/wp-json\/wp\/v2\/product"}],"about":[{"href":"https:\/\/atic.com.br\/loja\/wp-json\/wp\/v2\/types\/product"}],"replies":[{"embeddable":true,"href":"https:\/\/atic.com.br\/loja\/wp-json\/wp\/v2\/comments?post=366"}],"wp:featuredmedia":[{"embeddable":true,"href":"https:\/\/atic.com.br\/loja\/wp-json\/wp\/v2\/media\/367"}],"wp:attachment":[{"href":"https:\/\/atic.com.br\/loja\/wp-json\/wp\/v2\/media?parent=366"}],"wp:term":[{"taxonomy":"product_cat","embeddable":true,"href":"https:\/\/atic.com.br\/loja\/wp-json\/wp\/v2\/product_cat?post=366"},{"taxonomy":"product_tag","embeddable":true,"href":"https:\/\/atic.com.br\/loja\/wp-json\/wp\/v2\/product_tag?post=366"}],"curies":[{"name":"wp","href":"https:\/\/api.w.org\/{rel}","templated":true}]}}