{"id":33,"date":"2023-07-11T17:07:55","date_gmt":"2023-07-11T17:07:55","guid":{"rendered":"https:\/\/atic.com.br\/loja\/?post_type=product&#038;p=33"},"modified":"2024-01-23T19:16:17","modified_gmt":"2024-01-23T19:16:17","slug":"nr5","status":"publish","type":"product","link":"https:\/\/atic.com.br\/loja\/product\/nr5\/","title":{"rendered":"NR 5 &#8211; CIPA Comiss\u00e3o Interna de Preven\u00e7\u00e3o a Acidentes"},"content":{"rendered":"<p>CIPA significa\u00a0Comiss\u00e3o Interna de Preven\u00e7\u00e3o de Acidentes. Ela tem o papel de prevenir acidentes e doen\u00e7as causadas pelo trabalho, al\u00e9m disso, a CIPA \u00e9 composta tanto por empregados como por empregadores.<\/p>\n","protected":false},"excerpt":{"rendered":"<p>CIPA<\/p>\n","protected":false},"featured_media":285,"comment_status":"open","ping_status":"closed","template":"","meta":{"_monsterinsights_skip_tracking":false,"_monsterinsights_sitenote_active":false,"_monsterinsights_sitenote_note":"","_monsterinsights_sitenote_category":0,"_uf_show_specific_survey":0,"_uf_disable_surveys":false,"_joinchat":[]},"product_cat":[15,21],"product_tag":[20],"class_list":{"0":"post-33","1":"product","2":"type-product","3":"status-publish","4":"has-post-thumbnail","6":"product_cat-treinamentos","7":"product_cat-ead","8":"product_tag-curso","10":"first","11":"instock","12":"virtual","13":"purchasable","14":"product-type-simple"},"aioseo_notices":[],"_links":{"self":[{"href":"https:\/\/atic.com.br\/loja\/wp-json\/wp\/v2\/product\/33","targetHints":{"allow":["GET"]}}],"collection":[{"href":"https:\/\/atic.com.br\/loja\/wp-json\/wp\/v2\/product"}],"about":[{"href":"https:\/\/atic.com.br\/loja\/wp-json\/wp\/v2\/types\/product"}],"replies":[{"embeddable":true,"href":"https:\/\/atic.com.br\/loja\/wp-json\/wp\/v2\/comments?post=33"}],"wp:featuredmedia":[{"embeddable":true,"href":"https:\/\/atic.com.br\/loja\/wp-json\/wp\/v2\/media\/285"}],"wp:attachment":[{"href":"https:\/\/atic.com.br\/loja\/wp-json\/wp\/v2\/media?parent=33"}],"wp:term":[{"taxonomy":"product_cat","embeddable":true,"href":"https:\/\/atic.com.br\/loja\/wp-json\/wp\/v2\/product_cat?post=33"},{"taxonomy":"product_tag","embeddable":true,"href":"https:\/\/atic.com.br\/loja\/wp-json\/wp\/v2\/product_tag?post=33"}],"curies":[{"name":"wp","href":"https:\/\/api.w.org\/{rel}","templated":true}]}}