{"id":298,"date":"2023-07-13T17:42:02","date_gmt":"2023-07-13T17:42:02","guid":{"rendered":"https:\/\/atic.com.br\/loja\/?post_type=product&#038;p=298"},"modified":"2025-06-01T01:58:25","modified_gmt":"2025-06-01T01:58:25","slug":"manual-de-primeiros-socorros-para-leigos","status":"publish","type":"product","link":"https:\/\/atic.com.br\/loja\/product\/manual-de-primeiros-socorros-para-leigos\/","title":{"rendered":"Manual de Primeiros Socorros para Leigos"},"content":{"rendered":"<p><strong>Descri\u00e7\u00e3o:<\/strong><\/p>\n<p>O treinamento do Manual de Primeiros Socorros para Leigos capacita pessoas sem forma\u00e7\u00e3o na \u00e1rea de sa\u00fade a lidar com emerg\u00eancias e prestar os primeiros socorros adequadamente. Os participantes aprendem habilidades como avalia\u00e7\u00e3o da situa\u00e7\u00e3o, contato com servi\u00e7os de emerg\u00eancia, RCP, atendimento a ferimentos, rea\u00e7\u00f5es al\u00e9rgicas, emerg\u00eancias respirat\u00f3rias e cardiovasculares. O treinamento enfatiza a import\u00e2ncia da calma e da comunica\u00e7\u00e3o adequada com a v\u00edtima, fornecendo conhecimentos b\u00e1sicos que podem ser aplicados em emerg\u00eancias at\u00e9 a chegada de ajuda profissional.<\/p>\n<p><strong>Para quem:<\/strong><\/p>\n<p>O treinamento do Manual de Primeiros Socorros para Leigos \u00e9 destinado a qualquer pessoa interessada em aprender habilidades b\u00e1sicas de primeiros socorros. Ele capacita os participantes a lidar com emerg\u00eancias e prestar os primeiros socorros adequadamente. O treinamento \u00e9 \u00fatil para pais, cuidadores, profissionais de escrit\u00f3rio, estudantes e membros da comunidade.<\/p>\n<p><strong>Funcionamento<\/strong>:<\/p>\n<p>O conte\u00fado dos cursos ser\u00e1 liberado com um prazo de 24 horas ap\u00f3s a aprova\u00e7\u00e3o do pagamento.<\/p>\n<p>Os certificados ser\u00e3o enviados por e-mail em at\u00e9 1 dia \u00fatil ap\u00f3s o aluno concluir o curso e ser aprovado na avalia\u00e7\u00e3o.<\/p>\n<p><strong>Carga Hor\u00e1ria:<\/strong>\u00a0 8horas<\/p>\n<p><strong>Validade:<\/strong> Alguns empregadores optam por realizar o treinamento anualmente.<\/p>\n","protected":false},"excerpt":{"rendered":"<p>O treinamento do Manual de Primeiros Socorros para Leigos capacita pessoas sem forma\u00e7\u00e3o na \u00e1rea de sa\u00fade a lidar com emerg\u00eancias e prestar os primeiros socorros adequadamente.<\/p>\n","protected":false},"featured_media":299,"comment_status":"open","ping_status":"closed","template":"","meta":{"_monsterinsights_skip_tracking":false,"_monsterinsights_sitenote_active":false,"_monsterinsights_sitenote_note":"","_monsterinsights_sitenote_category":0,"_uf_show_specific_survey":0,"_uf_disable_surveys":false,"_joinchat":[]},"product_cat":[15,21],"product_tag":[20],"class_list":{"0":"post-298","1":"product","2":"type-product","3":"status-publish","4":"has-post-thumbnail","6":"product_cat-treinamentos","7":"product_cat-ead","8":"product_tag-curso","10":"first","11":"instock","12":"virtual","13":"purchasable","14":"product-type-simple"},"aioseo_notices":[],"_links":{"self":[{"href":"https:\/\/atic.com.br\/loja\/wp-json\/wp\/v2\/product\/298","targetHints":{"allow":["GET"]}}],"collection":[{"href":"https:\/\/atic.com.br\/loja\/wp-json\/wp\/v2\/product"}],"about":[{"href":"https:\/\/atic.com.br\/loja\/wp-json\/wp\/v2\/types\/product"}],"replies":[{"embeddable":true,"href":"https:\/\/atic.com.br\/loja\/wp-json\/wp\/v2\/comments?post=298"}],"wp:featuredmedia":[{"embeddable":true,"href":"https:\/\/atic.com.br\/loja\/wp-json\/wp\/v2\/media\/299"}],"wp:attachment":[{"href":"https:\/\/atic.com.br\/loja\/wp-json\/wp\/v2\/media?parent=298"}],"wp:term":[{"taxonomy":"product_cat","embeddable":true,"href":"https:\/\/atic.com.br\/loja\/wp-json\/wp\/v2\/product_cat?post=298"},{"taxonomy":"product_tag","embeddable":true,"href":"https:\/\/atic.com.br\/loja\/wp-json\/wp\/v2\/product_tag?post=298"}],"curies":[{"name":"wp","href":"https:\/\/api.w.org\/{rel}","templated":true}]}}