{"id":2699,"date":"2023-08-04T17:18:30","date_gmt":"2023-08-04T17:18:30","guid":{"rendered":"https:\/\/atic.com.br\/loja\/?post_type=product&#038;p=2699"},"modified":"2025-07-29T17:04:19","modified_gmt":"2025-07-29T17:04:19","slug":"nr-11-operador-de-retroescavadeira","status":"publish","type":"product","link":"https:\/\/atic.com.br\/loja\/product\/nr-11-operador-de-retroescavadeira\/","title":{"rendered":"NR 11 &#8211; Operador de Retroescavadeira"},"content":{"rendered":"<h2 data-start=\"244\" data-end=\"295\">Curso NR11 Online \u2013 Operador de Retroescavadeira<\/h2>\n<h3 data-start=\"297\" data-end=\"356\">\ud83d\ude9c Descri\u00e7\u00e3o do Curso NR11 Operador de Retroescavadeira<\/h3>\n<p data-start=\"358\" data-end=\"682\">O <strong data-start=\"360\" data-end=\"408\">Curso NR11 para Operador de Retroescavadeira<\/strong> foi desenvolvido para capacitar profissionais que atuam com <strong data-start=\"469\" data-end=\"527\">movimenta\u00e7\u00e3o de materiais utilizando retroescavadeiras<\/strong>. A forma\u00e7\u00e3o aborda os princ\u00edpios da <strong data-start=\"564\" data-end=\"592\">Norma Regulamentadora 11<\/strong>, que trata da seguran\u00e7a na opera\u00e7\u00e3o de m\u00e1quinas e equipamentos de transporte, abrangendo:<\/p>\n<ul data-start=\"684\" data-end=\"946\">\n<li data-start=\"684\" data-end=\"732\">\n<p data-start=\"686\" data-end=\"732\">Fundamentos te\u00f3ricos sobre retroescavadeiras<\/p>\n<\/li>\n<li data-start=\"733\" data-end=\"770\">\n<p data-start=\"735\" data-end=\"770\">Procedimentos seguros de opera\u00e7\u00e3o<\/p>\n<\/li>\n<li data-start=\"771\" data-end=\"819\">\n<p data-start=\"773\" data-end=\"819\">T\u00e9cnicas de inspe\u00e7\u00e3o e manuten\u00e7\u00e3o preventiva<\/p>\n<\/li>\n<li data-start=\"820\" data-end=\"870\">\n<p data-start=\"822\" data-end=\"870\">Regras de sinaliza\u00e7\u00e3o e movimenta\u00e7\u00e3o de cargas<\/p>\n<\/li>\n<li data-start=\"871\" data-end=\"946\">\n<p data-start=\"873\" data-end=\"946\">Medidas de <strong data-start=\"884\" data-end=\"946\">preven\u00e7\u00e3o de acidentes e preserva\u00e7\u00e3o da integridade f\u00edsica<\/strong><\/p>\n<\/li>\n<\/ul>\n<p data-start=\"948\" data-end=\"1107\">O objetivo \u00e9 garantir que o operador atue com seguran\u00e7a, conforme exig\u00eancias legais, reduzindo riscos no ambiente de trabalho e promovendo a sa\u00fade ocupacional.<\/p>\n<h3 data-start=\"1114\" data-end=\"1166\">\ud83d\udc77 Para Quem \u00e9 o Curso de Retroescavadeira NR11?<\/h3>\n<p data-start=\"1168\" data-end=\"1192\">O curso \u00e9 indicado para:<\/p>\n<ul data-start=\"1194\" data-end=\"1494\">\n<li data-start=\"1194\" data-end=\"1228\">\n<p data-start=\"1196\" data-end=\"1228\">Operadores de retroescavadeira<\/p>\n<\/li>\n<li data-start=\"1229\" data-end=\"1291\">\n<p data-start=\"1231\" data-end=\"1291\">Profissionais da constru\u00e7\u00e3o civil, minera\u00e7\u00e3o e agroneg\u00f3cio<\/p>\n<\/li>\n<li data-start=\"1292\" data-end=\"1353\">\n<p data-start=\"1294\" data-end=\"1353\">T\u00e9cnicos de seguran\u00e7a do trabalho e supervisores de campo<\/p>\n<\/li>\n<li data-start=\"1354\" data-end=\"1421\">\n<p data-start=\"1356\" data-end=\"1421\">Trabalhadores expostos a riscos na opera\u00e7\u00e3o de m\u00e1quinas pesadas<\/p>\n<\/li>\n<li data-start=\"1422\" data-end=\"1494\">\n<p data-start=\"1424\" data-end=\"1494\">Colaboradores envolvidos com <strong data-start=\"1453\" data-end=\"1494\">movimenta\u00e7\u00e3o e escava\u00e7\u00e3o de materiais<\/strong><\/p>\n<\/li>\n<\/ul>\n<p data-start=\"1496\" data-end=\"1662\">A capacita\u00e7\u00e3o \u00e9 essencial para quem deseja <strong data-start=\"1539\" data-end=\"1579\">atuar de forma profissional e segura<\/strong>, atendendo \u00e0s exig\u00eancias do Minist\u00e9rio do Trabalho e \u00e0s boas pr\u00e1ticas de opera\u00e7\u00e3o.<\/p>\n<h3 data-start=\"1669\" data-end=\"1697\">\ud83d\udce6 Como Funciona o Curso<\/h3>\n<ul data-start=\"1699\" data-end=\"2019\">\n<li data-start=\"1699\" data-end=\"1781\">\n<p data-start=\"1701\" data-end=\"1781\"><strong data-start=\"1701\" data-end=\"1726\">Libera\u00e7\u00e3o do conte\u00fado<\/strong>: em at\u00e9 <strong data-start=\"1735\" data-end=\"1747\">24 horas<\/strong> ap\u00f3s a confirma\u00e7\u00e3o do pagamento<\/p>\n<\/li>\n<li data-start=\"1782\" data-end=\"1893\">\n<p data-start=\"1784\" data-end=\"1893\"><strong data-start=\"1784\" data-end=\"1807\">Certificado digital<\/strong>: enviado por e-mail em at\u00e9 <strong data-start=\"1835\" data-end=\"1849\">1 dia \u00fatil<\/strong> ap\u00f3s a conclus\u00e3o e aprova\u00e7\u00e3o na avalia\u00e7\u00e3o<\/p>\n<\/li>\n<li data-start=\"1894\" data-end=\"1925\">\n<p data-start=\"1896\" data-end=\"1925\"><strong data-start=\"1896\" data-end=\"1913\">Carga hor\u00e1ria<\/strong>: 16 horas<\/p>\n<\/li>\n<li data-start=\"1926\" data-end=\"2019\">\n<p data-start=\"1928\" data-end=\"2019\"><strong data-start=\"1928\" data-end=\"1940\">Validade<\/strong>: recomenda-se <strong data-start=\"1955\" data-end=\"1975\">reciclagem anual<\/strong>, conforme pol\u00edticas de seguran\u00e7a da empresa<\/p>\n<\/li>\n<\/ul>\n<h3 data-start=\"2026\" data-end=\"2085\">\ud83d\udcd8 Conte\u00fado Program\u00e1tico do Curso NR11 Retroescavadeira<\/h3>\n<ul data-start=\"2087\" data-end=\"2506\">\n<li data-start=\"2087\" data-end=\"2145\">\n<p data-start=\"2089\" data-end=\"2145\">Introdu\u00e7\u00e3o \u00e0 NR11 e \u00e0 seguran\u00e7a em equipamentos m\u00f3veis<\/p>\n<\/li>\n<li data-start=\"2146\" data-end=\"2194\">\n<p data-start=\"2148\" data-end=\"2194\">Conhecimento t\u00e9cnico sobre retroescavadeiras<\/p>\n<\/li>\n<li data-start=\"2195\" data-end=\"2244\">\n<p data-start=\"2197\" data-end=\"2244\">Riscos associados \u00e0 opera\u00e7\u00e3o e como evit\u00e1-los<\/p>\n<\/li>\n<li data-start=\"2245\" data-end=\"2281\">\n<p data-start=\"2247\" data-end=\"2281\">Procedimentos de opera\u00e7\u00e3o segura<\/p>\n<\/li>\n<li data-start=\"2282\" data-end=\"2325\">\n<p data-start=\"2284\" data-end=\"2325\">Inspe\u00e7\u00e3o di\u00e1ria e manuten\u00e7\u00e3o preventiva<\/p>\n<\/li>\n<li data-start=\"2326\" data-end=\"2389\">\n<p data-start=\"2328\" data-end=\"2389\">Sinaliza\u00e7\u00e3o de \u00e1reas de trabalho e comunica\u00e7\u00e3o com a equipe<\/p>\n<\/li>\n<li data-start=\"2390\" data-end=\"2452\">\n<p data-start=\"2392\" data-end=\"2452\">Normas de seguran\u00e7a no transporte e movimenta\u00e7\u00e3o de cargas<\/p>\n<\/li>\n<li data-start=\"2453\" data-end=\"2506\">\n<p data-start=\"2455\" data-end=\"2506\">Atua\u00e7\u00e3o em emerg\u00eancias e primeiros socorros b\u00e1sicos<\/p>\n<\/li>\n<\/ul>\n<h3 data-start=\"2513\" data-end=\"2550\">\u2705 Benef\u00edcios do Curso NR11 Online<\/h3>\n<ul data-start=\"2552\" data-end=\"2861\">\n<li data-start=\"2552\" data-end=\"2604\">\n<p data-start=\"2554\" data-end=\"2604\">Curso 100% online com acesso imediato e flex\u00edvel<\/p>\n<\/li>\n<li data-start=\"2605\" data-end=\"2658\">\n<p data-start=\"2607\" data-end=\"2658\">Certifica\u00e7\u00e3o v\u00e1lida em todo o territ\u00f3rio nacional<\/p>\n<\/li>\n<li data-start=\"2659\" data-end=\"2721\">\n<p data-start=\"2661\" data-end=\"2721\">Instrutores especializados em opera\u00e7\u00e3o de m\u00e1quinas pesadas<\/p>\n<\/li>\n<li data-start=\"2722\" data-end=\"2769\">\n<p data-start=\"2724\" data-end=\"2769\">Conformidade com a legisla\u00e7\u00e3o vigente (MTE)<\/p>\n<\/li>\n<li data-start=\"2770\" data-end=\"2861\">\n<p data-start=\"2772\" data-end=\"2861\">Ideal para profissionais aut\u00f4nomos, empresas contratantes e obras de m\u00e9dio e grande porte<\/p>\n<\/li>\n<\/ul>\n<p data-start=\"2868\" data-end=\"3165\"><strong data-start=\"2868\" data-end=\"2907\">Palavras-chave otimizadas para SEO:<\/strong><br data-start=\"2907\" data-end=\"2910\" \/>curso NR11 retroescavadeira online, treinamento operador de retroescavadeira, curso de retroescavadeira com certificado, seguran\u00e7a na opera\u00e7\u00e3o de retroescavadeira, curso m\u00e1quinas pesadas NR11, opera\u00e7\u00e3o segura de retroescavadeira, NR11 operador certificado<\/p>\n","protected":false},"excerpt":{"rendered":"<p>Curso NR11 Online \u2013 Operador de Retroescavadeira \ud83d\ude9c Descri\u00e7\u00e3o do Curso NR11 Operador de Retroescavadeira O Curso NR11 para Operador de Retroescavadeira foi desenvolvido para capacitar profissionais que atuam com movimenta\u00e7\u00e3o de materiais utilizando retroescavadeiras. A forma\u00e7\u00e3o aborda os princ\u00edpios da Norma Regulamentadora 11, que trata da seguran\u00e7a na opera\u00e7\u00e3o de m\u00e1quinas e equipamentos de [&hellip;]<\/p>\n","protected":false},"featured_media":2698,"comment_status":"open","ping_status":"closed","template":"","meta":{"_monsterinsights_skip_tracking":false,"_monsterinsights_sitenote_active":false,"_monsterinsights_sitenote_note":"","_monsterinsights_sitenote_category":0,"_uf_show_specific_survey":0,"_uf_disable_surveys":false,"_joinchat":[]},"product_cat":[15,21],"product_tag":[20],"class_list":{"0":"post-2699","1":"product","2":"type-product","3":"status-publish","4":"has-post-thumbnail","6":"product_cat-treinamentos","7":"product_cat-ead","8":"product_tag-curso","10":"first","11":"instock","12":"virtual","13":"purchasable","14":"product-type-simple"},"aioseo_notices":[],"_links":{"self":[{"href":"https:\/\/atic.com.br\/loja\/wp-json\/wp\/v2\/product\/2699","targetHints":{"allow":["GET"]}}],"collection":[{"href":"https:\/\/atic.com.br\/loja\/wp-json\/wp\/v2\/product"}],"about":[{"href":"https:\/\/atic.com.br\/loja\/wp-json\/wp\/v2\/types\/product"}],"replies":[{"embeddable":true,"href":"https:\/\/atic.com.br\/loja\/wp-json\/wp\/v2\/comments?post=2699"}],"wp:featuredmedia":[{"embeddable":true,"href":"https:\/\/atic.com.br\/loja\/wp-json\/wp\/v2\/media\/2698"}],"wp:attachment":[{"href":"https:\/\/atic.com.br\/loja\/wp-json\/wp\/v2\/media?parent=2699"}],"wp:term":[{"taxonomy":"product_cat","embeddable":true,"href":"https:\/\/atic.com.br\/loja\/wp-json\/wp\/v2\/product_cat?post=2699"},{"taxonomy":"product_tag","embeddable":true,"href":"https:\/\/atic.com.br\/loja\/wp-json\/wp\/v2\/product_tag?post=2699"}],"curies":[{"name":"wp","href":"https:\/\/api.w.org\/{rel}","templated":true}]}}