{"id":22,"date":"2023-07-11T14:28:56","date_gmt":"2023-07-11T14:28:56","guid":{"rendered":"https:\/\/atic.com.br\/loja\/?post_type=product&#038;p=22"},"modified":"2025-06-06T03:07:24","modified_gmt":"2025-06-06T03:07:24","slug":"nr10","status":"publish","type":"product","link":"https:\/\/atic.com.br\/loja\/product\/nr10\/","title":{"rendered":"NR10 &#8211; \u00c1reas Classificadas"},"content":{"rendered":"<p><strong>Descri\u00e7\u00e3o:<\/strong><\/p>\n<p>O curso NR10 &#8211; \u00c1reas Classificadas \u00e9 destinado a profissionais que atuam em ambientes onde h\u00e1 riscos de explos\u00f5es devido \u00e0 presen\u00e7a de gases, vapores, l\u00edquidos inflam\u00e1veis ou subst\u00e2ncias combust\u00edveis. O treinamento abrange conhecimentos te\u00f3ricos fundamentais sobre a Norma Regulamentadora 10, classifica\u00e7\u00e3o de \u00e1reas, medidas de preven\u00e7\u00e3o e controle de explos\u00f5es, uso adequado de equipamentos el\u00e9tricos, inspe\u00e7\u00f5es e procedimentos de seguran\u00e7a. O objetivo \u00e9 capacitar os participantes a trabalhar com eletricidade em \u00e1reas classificadas de forma segura, minimizando riscos e protegendo a integridade.<\/p>\n<p><strong>Para quem:<\/strong><br \/>\nO curso \u00e9 voltado para eletricistas, engenheiros, t\u00e9cnicos em eletricidade, profissionais de manuten\u00e7\u00e3o e inspe\u00e7\u00e3o el\u00e9trica e qualquer pessoa que atue em \u00e1reas classificadas. A forma\u00e7\u00e3o visa habilitar esses indiv\u00edduos a compreender os princ\u00edpios de seguran\u00e7a el\u00e9trica em ambientes explosivos, aplicar medidas preventivas, selecionar e usar corretamente equipamentos \u00e0 prova de explos\u00e3o e garantir a conformidade com as regulamenta\u00e7\u00f5es. A seguran\u00e7a desses profissionais \u00e9 crucial para evitar acidentes e incidentes.<\/p>\n<p><strong>Funcionamento<\/strong>:<\/p>\n<p>O conte\u00fado dos cursos ser\u00e1 liberado com um prazo de 24 horas ap\u00f3s a aprova\u00e7\u00e3o do pagamento.<\/p>\n<p>Os certificados ser\u00e3o enviados por e-mail em at\u00e9 1 dia \u00fatil ap\u00f3s o aluno concluir o curso e ser aprovado na avalia\u00e7\u00e3o.<\/p>\n<p><strong>Carga Hor\u00e1ria:<\/strong>\u00a0 20horas<\/p>\n<p><strong>Validade:<\/strong> Alguns empregadores optam por realizar o treinamento anualmente.<\/p>\n<p>&nbsp;<\/p>\n","protected":false},"excerpt":{"rendered":"<p>O treinamento NR10 \u00e9 voltado para a seguran\u00e7a em instala\u00e7\u00f5es e servi\u00e7os com eletricidade. Ele abrange riscos el\u00e9tricos, medidas de controle, uso de equipamentos de prote\u00e7\u00e3o e procedimentos de seguran\u00e7a. O treinamento capacita os participantes a identificar e prevenir acidentes el\u00e9tricos, garantindo a seguran\u00e7a dos trabalhadores.<\/p>\n","protected":false},"featured_media":176,"comment_status":"open","ping_status":"closed","template":"","meta":{"_monsterinsights_skip_tracking":false,"_monsterinsights_sitenote_active":false,"_monsterinsights_sitenote_note":"","_monsterinsights_sitenote_category":0,"_uf_show_specific_survey":0,"_uf_disable_surveys":false,"_joinchat":[]},"product_cat":[15,21],"product_tag":[20],"class_list":{"0":"post-22","1":"product","2":"type-product","3":"status-publish","4":"has-post-thumbnail","6":"product_cat-treinamentos","7":"product_cat-ead","8":"product_tag-curso","10":"first","11":"instock","12":"virtual","13":"purchasable","14":"product-type-simple"},"aioseo_notices":[],"_links":{"self":[{"href":"https:\/\/atic.com.br\/loja\/wp-json\/wp\/v2\/product\/22","targetHints":{"allow":["GET"]}}],"collection":[{"href":"https:\/\/atic.com.br\/loja\/wp-json\/wp\/v2\/product"}],"about":[{"href":"https:\/\/atic.com.br\/loja\/wp-json\/wp\/v2\/types\/product"}],"replies":[{"embeddable":true,"href":"https:\/\/atic.com.br\/loja\/wp-json\/wp\/v2\/comments?post=22"}],"wp:featuredmedia":[{"embeddable":true,"href":"https:\/\/atic.com.br\/loja\/wp-json\/wp\/v2\/media\/176"}],"wp:attachment":[{"href":"https:\/\/atic.com.br\/loja\/wp-json\/wp\/v2\/media?parent=22"}],"wp:term":[{"taxonomy":"product_cat","embeddable":true,"href":"https:\/\/atic.com.br\/loja\/wp-json\/wp\/v2\/product_cat?post=22"},{"taxonomy":"product_tag","embeddable":true,"href":"https:\/\/atic.com.br\/loja\/wp-json\/wp\/v2\/product_tag?post=22"}],"curies":[{"name":"wp","href":"https:\/\/api.w.org\/{rel}","templated":true}]}}