{"id":3213,"date":"2025-08-22T12:10:14","date_gmt":"2025-08-22T12:10:14","guid":{"rendered":"https:\/\/atic.com.br\/loja\/?page_id=3213"},"modified":"2025-08-27T14:09:37","modified_gmt":"2025-08-27T14:09:37","slug":"inicio-novo","status":"publish","type":"page","link":"https:\/\/atic.com.br\/loja\/","title":{"rendered":"INICIO NOVO"},"content":{"rendered":"\t\t<div data-elementor-type=\"wp-page\" data-elementor-id=\"3213\" class=\"elementor elementor-3213\" data-elementor-post-type=\"page\">\n\t\t\t\t<div class=\"elementor-element elementor-element-7463d99 e-flex e-con-boxed e-con e-parent\" data-id=\"7463d99\" data-element_type=\"container\" data-settings=\"{&quot;background_background&quot;:&quot;classic&quot;}\">\n\t\t\t\t\t<div class=\"e-con-inner\">\n\t\t\t\t<div class=\"elementor-element elementor-element-2dcd5e4 elementor-widget-tablet__width-initial elementor-widget elementor-widget-heading\" data-id=\"2dcd5e4\" data-element_type=\"widget\" data-widget_type=\"heading.default\">\n\t\t\t\t<div class=\"elementor-widget-container\">\n\t\t\t\t\t<h2 class=\"elementor-heading-title elementor-size-default\">Seja <span style=\"color: #FFC10A\">Bem Vindo<\/span>\n<br>\u00c1 ATIC  Tecnologia do Brasil <\/h2>\t\t\t\t<\/div>\n\t\t\t\t<\/div>\n\t\t\t\t<div class=\"elementor-element elementor-element-b5fd326 elementor-widget elementor-widget-heading\" data-id=\"b5fd326\" data-element_type=\"widget\" data-widget_type=\"heading.default\">\n\t\t\t\t<div class=\"elementor-widget-container\">\n\t\t\t\t\t<h2 class=\"elementor-heading-title elementor-size-default\">Aqui voc\u00ea <span style=\"color: #FFC10A\">encontra solu\u00e7\u00f5es<\/span>  para\nsuas obras e treinamentos<\/h2>\t\t\t\t<\/div>\n\t\t\t\t<\/div>\n\t\t\t\t<div class=\"elementor-element elementor-element-944310c elementor-align-center elementor-widget elementor-widget-button\" data-id=\"944310c\" data-element_type=\"widget\" data-widget_type=\"button.default\">\n\t\t\t\t<div class=\"elementor-widget-container\">\n\t\t\t\t\t\t\t\t\t<div class=\"elementor-button-wrapper\">\n\t\t\t\t\t<a class=\"elementor-button elementor-button-link elementor-size-lg\" href=\"https:\/\/api.whatsapp.com\/send\/?phone=5511945077437&#038;text=Ol%C3%A1%21+Vi+seu+an%C3%BAncio+no+google+e+tenho+interesse.&#038;type=phone_number&#038;app_absent=0\">\n\t\t\t\t\t\t<span class=\"elementor-button-content-wrapper\">\n\t\t\t\t\t\t<span class=\"elementor-button-icon\">\n\t\t\t\t<i aria-hidden=\"true\" class=\"fab fa-whatsapp\"><\/i>\t\t\t<\/span>\n\t\t\t\t\t\t\t\t\t<span class=\"elementor-button-text\">FALE CONOSCO<\/span>\n\t\t\t\t\t<\/span>\n\t\t\t\t\t<\/a>\n\t\t\t\t<\/div>\n\t\t\t\t\t\t\t\t<\/div>\n\t\t\t\t<\/div>\n\t\t\t\t\t<\/div>\n\t\t\t\t<\/div>\n\t\t<div class=\"elementor-element elementor-element-35fef1a elementor-hidden-desktop e-flex e-con-boxed e-con e-parent\" data-id=\"35fef1a\" data-element_type=\"container\">\n\t\t\t\t\t<div class=\"e-con-inner\">\n\t\t\t\t<div class=\"elementor-element elementor-element-478f749 elementor-widget elementor-widget-image\" data-id=\"478f749\" data-element_type=\"widget\" data-widget_type=\"image.default\">\n\t\t\t\t<div class=\"elementor-widget-container\">\n\t\t\t\t\t\t\t\t\t\t\t\t\t\t\t<img fetchpriority=\"high\" decoding=\"async\" width=\"308\" height=\"992\" src=\"https:\/\/atic.com.br\/loja\/wp-content\/uploads\/2025\/08\/FAIXA-4.png\" class=\"attachment-full size-full wp-image-3344\" alt=\"\" srcset=\"https:\/\/atic.com.br\/loja\/wp-content\/uploads\/2025\/08\/FAIXA-4.png 308w, https:\/\/atic.com.br\/loja\/wp-content\/uploads\/2025\/08\/FAIXA-4-93x300.png 93w\" sizes=\"(max-width: 308px) 100vw, 308px\" \/>\t\t\t\t\t\t\t\t\t\t\t\t\t\t\t<\/div>\n\t\t\t\t<\/div>\n\t\t\t\t\t<\/div>\n\t\t\t\t<\/div>\n\t\t<div class=\"elementor-element elementor-element-e140374 elementor-hidden-mobile elementor-hidden-tablet e-flex e-con-boxed e-con e-parent\" data-id=\"e140374\" data-element_type=\"container\" data-settings=\"{&quot;shape_divider_top&quot;:&quot;arrow&quot;}\">\n\t\t\t\t\t<div class=\"e-con-inner\">\n\t\t\t\t<div class=\"elementor-shape elementor-shape-top\" aria-hidden=\"true\" data-negative=\"false\">\n\t\t\t<svg xmlns=\"http:\/\/www.w3.org\/2000\/svg\" viewBox=\"0 0 700 10\" preserveAspectRatio=\"none\">\n\t<path class=\"elementor-shape-fill\" d=\"M350,10L340,0h20L350,10z\"\/>\n<\/svg>\t\t<\/div>\n\t\t\t\t<div class=\"elementor-element elementor-element-aec95a7 elementor-widget elementor-widget-image\" data-id=\"aec95a7\" data-element_type=\"widget\" data-widget_type=\"image.default\">\n\t\t\t\t<div class=\"elementor-widget-container\">\n\t\t\t\t\t\t\t\t\t\t\t\t\t\t\t<img decoding=\"async\" width=\"1918\" height=\"164\" src=\"https:\/\/atic.com.br\/loja\/wp-content\/uploads\/2025\/08\/FAIXADESK.png\" class=\"attachment-full size-full wp-image-3343\" alt=\"\" srcset=\"https:\/\/atic.com.br\/loja\/wp-content\/uploads\/2025\/08\/FAIXADESK.png 1918w, https:\/\/atic.com.br\/loja\/wp-content\/uploads\/2025\/08\/FAIXADESK-300x26.png 300w, https:\/\/atic.com.br\/loja\/wp-content\/uploads\/2025\/08\/FAIXADESK-1024x88.png 1024w, https:\/\/atic.com.br\/loja\/wp-content\/uploads\/2025\/08\/FAIXADESK-768x66.png 768w, https:\/\/atic.com.br\/loja\/wp-content\/uploads\/2025\/08\/FAIXADESK-1536x131.png 1536w, https:\/\/atic.com.br\/loja\/wp-content\/uploads\/2025\/08\/FAIXADESK-1320x113.png 1320w, https:\/\/atic.com.br\/loja\/wp-content\/uploads\/2025\/08\/FAIXADESK-600x51.png 600w\" sizes=\"(max-width: 1918px) 100vw, 1918px\" \/>\t\t\t\t\t\t\t\t\t\t\t\t\t\t\t<\/div>\n\t\t\t\t<\/div>\n\t\t\t\t\t<\/div>\n\t\t\t\t<\/div>\n\t\t<div class=\"elementor-element elementor-element-85bd841 e-flex e-con-boxed e-con e-parent\" data-id=\"85bd841\" data-element_type=\"container\">\n\t\t\t\t\t<div class=\"e-con-inner\">\n\t\t\t\t<div class=\"elementor-element elementor-element-17bed12 elementor-widget elementor-widget-heading\" data-id=\"17bed12\" data-element_type=\"widget\" data-widget_type=\"heading.default\">\n\t\t\t\t<div class=\"elementor-widget-container\">\n\t\t\t\t\t<h2 class=\"elementor-heading-title elementor-size-default\">Explore Nossos Cursos Online <br>de\nCapacita\u00e7\u00e3o Profissional Online!<\/h2>\t\t\t\t<\/div>\n\t\t\t\t<\/div>\n\t\t\t\t<div class=\"elementor-element elementor-element-6acf572 elementor-widget elementor-widget-heading\" data-id=\"6acf572\" data-element_type=\"widget\" data-widget_type=\"heading.default\">\n\t\t\t\t<div class=\"elementor-widget-container\">\n\t\t\t\t\t<h2 class=\"elementor-heading-title elementor-size-default\">Abaixo, apresentamos nossos cursos mais destacados, abrangendo uma variedade de \u00e1reas do conhecimento. <br>Prepare-se para explorar informa\u00e7\u00f5es e dicas relevantes em cada curso, permitindo que voc\u00ea conhe\u00e7a diferentes facetas e aprimore suas habilidades profissionais junto conosco!<\/h2>\t\t\t\t<\/div>\n\t\t\t\t<\/div>\n\t\t\t\t<div class=\"elementor-element elementor-element-e2fe51f elementor-arrows-position-inside elementor-pagination-position-outside elementor-widget elementor-widget-image-carousel\" data-id=\"e2fe51f\" data-element_type=\"widget\" data-settings=\"{&quot;slides_to_show&quot;:&quot;3&quot;,&quot;image_spacing_custom&quot;:{&quot;unit&quot;:&quot;px&quot;,&quot;size&quot;:51,&quot;sizes&quot;:[]},&quot;navigation&quot;:&quot;both&quot;,&quot;autoplay&quot;:&quot;yes&quot;,&quot;pause_on_hover&quot;:&quot;yes&quot;,&quot;pause_on_interaction&quot;:&quot;yes&quot;,&quot;autoplay_speed&quot;:5000,&quot;infinite&quot;:&quot;yes&quot;,&quot;speed&quot;:500,&quot;image_spacing_custom_tablet&quot;:{&quot;unit&quot;:&quot;px&quot;,&quot;size&quot;:&quot;&quot;,&quot;sizes&quot;:[]},&quot;image_spacing_custom_mobile&quot;:{&quot;unit&quot;:&quot;px&quot;,&quot;size&quot;:&quot;&quot;,&quot;sizes&quot;:[]}}\" data-widget_type=\"image-carousel.default\">\n\t\t\t\t<div class=\"elementor-widget-container\">\n\t\t\t\t\t\t\t<div class=\"elementor-image-carousel-wrapper swiper\" role=\"region\" aria-roledescription=\"carousel\" aria-label=\"Carrossel de imagens\" dir=\"ltr\">\n\t\t\t<div class=\"elementor-image-carousel swiper-wrapper\" aria-live=\"off\">\n\t\t\t\t\t\t\t\t<div class=\"swiper-slide\" role=\"group\" aria-roledescription=\"slide\" aria-label=\"1 de 8\"><figure class=\"swiper-slide-inner\"><img decoding=\"async\" class=\"swiper-slide-image\" src=\"https:\/\/atic.com.br\/loja\/wp-content\/uploads\/2025\/08\/Frame-21-1.png\" alt=\"Frame 21\" \/><\/figure><\/div><div class=\"swiper-slide\" role=\"group\" aria-roledescription=\"slide\" aria-label=\"2 de 8\"><figure class=\"swiper-slide-inner\"><img decoding=\"async\" class=\"swiper-slide-image\" src=\"https:\/\/atic.com.br\/loja\/wp-content\/uploads\/2025\/08\/Frame-22.png\" alt=\"Frame 22\" \/><\/figure><\/div><div class=\"swiper-slide\" role=\"group\" aria-roledescription=\"slide\" aria-label=\"3 de 8\"><figure class=\"swiper-slide-inner\"><img decoding=\"async\" class=\"swiper-slide-image\" src=\"https:\/\/atic.com.br\/loja\/wp-content\/uploads\/2025\/08\/Frame-23.png\" alt=\"Frame 23\" \/><\/figure><\/div><div class=\"swiper-slide\" role=\"group\" aria-roledescription=\"slide\" aria-label=\"4 de 8\"><figure class=\"swiper-slide-inner\"><img decoding=\"async\" class=\"swiper-slide-image\" src=\"https:\/\/atic.com.br\/loja\/wp-content\/uploads\/2025\/08\/Frame-1171275164.png\" alt=\"Frame 1171275164\" \/><\/figure><\/div><div class=\"swiper-slide\" role=\"group\" aria-roledescription=\"slide\" aria-label=\"5 de 8\"><figure class=\"swiper-slide-inner\"><img decoding=\"async\" class=\"swiper-slide-image\" src=\"https:\/\/atic.com.br\/loja\/wp-content\/uploads\/2025\/08\/Frame-1171275165.png\" alt=\"Frame 1171275165\" \/><\/figure><\/div><div class=\"swiper-slide\" role=\"group\" aria-roledescription=\"slide\" aria-label=\"6 de 8\"><figure class=\"swiper-slide-inner\"><img decoding=\"async\" class=\"swiper-slide-image\" src=\"https:\/\/atic.com.br\/loja\/wp-content\/uploads\/2025\/08\/Frame-24.png\" alt=\"Frame 24\" \/><\/figure><\/div><div class=\"swiper-slide\" role=\"group\" aria-roledescription=\"slide\" aria-label=\"7 de 8\"><figure class=\"swiper-slide-inner\"><img decoding=\"async\" class=\"swiper-slide-image\" src=\"https:\/\/atic.com.br\/loja\/wp-content\/uploads\/2025\/08\/Frame-1171275162.png\" alt=\"Frame 1171275162\" \/><\/figure><\/div><div class=\"swiper-slide\" role=\"group\" aria-roledescription=\"slide\" aria-label=\"8 de 8\"><figure class=\"swiper-slide-inner\"><img decoding=\"async\" class=\"swiper-slide-image\" src=\"https:\/\/atic.com.br\/loja\/wp-content\/uploads\/2025\/08\/Frame-1171275163.png\" alt=\"Frame 1171275163\" \/><\/figure><\/div>\t\t\t<\/div>\n\t\t\t\t\t\t\t\t\t\t\t\t<div class=\"elementor-swiper-button elementor-swiper-button-prev\" role=\"button\" tabindex=\"0\">\n\t\t\t\t\t\t<i aria-hidden=\"true\" class=\"eicon-chevron-left\"><\/i>\t\t\t\t\t<\/div>\n\t\t\t\t\t<div class=\"elementor-swiper-button elementor-swiper-button-next\" role=\"button\" tabindex=\"0\">\n\t\t\t\t\t\t<i aria-hidden=\"true\" class=\"eicon-chevron-right\"><\/i>\t\t\t\t\t<\/div>\n\t\t\t\t\n\t\t\t\t\t\t\t\t\t<div class=\"swiper-pagination\"><\/div>\n\t\t\t\t\t\t\t\t\t<\/div>\n\t\t\t\t\t\t<\/div>\n\t\t\t\t<\/div>\n\t\t\t\t<div class=\"elementor-element elementor-element-fc37e95 elementor-align-center elementor-widget elementor-widget-button\" data-id=\"fc37e95\" data-element_type=\"widget\" data-widget_type=\"button.default\">\n\t\t\t\t<div class=\"elementor-widget-container\">\n\t\t\t\t\t\t\t\t\t<div class=\"elementor-button-wrapper\">\n\t\t\t\t\t<a class=\"elementor-button elementor-button-link elementor-size-lg\" href=\"https:\/\/api.whatsapp.com\/send\/?phone=5511945077437&#038;text=Ol%C3%A1%21+Vi+seu+an%C3%BAncio+no+google+e+tenho+interesse.&#038;type=phone_number&#038;app_absent=0\">\n\t\t\t\t\t\t<span class=\"elementor-button-content-wrapper\">\n\t\t\t\t\t\t<span class=\"elementor-button-icon\">\n\t\t\t\t<i aria-hidden=\"true\" class=\"fab fa-whatsapp\"><\/i>\t\t\t<\/span>\n\t\t\t\t\t\t\t\t\t<span class=\"elementor-button-text\">FALE CONOSCO<\/span>\n\t\t\t\t\t<\/span>\n\t\t\t\t\t<\/a>\n\t\t\t\t<\/div>\n\t\t\t\t\t\t\t\t<\/div>\n\t\t\t\t<\/div>\n\t\t\t\t\t<\/div>\n\t\t\t\t<\/div>\n\t\t<div class=\"elementor-element elementor-element-fd246ff elementor-hidden-desktop e-flex e-con-boxed e-con e-parent\" data-id=\"fd246ff\" data-element_type=\"container\" data-settings=\"{&quot;background_background&quot;:&quot;classic&quot;}\">\n\t\t\t\t\t<div class=\"e-con-inner\">\n\t\t\t\t<div class=\"elementor-element elementor-element-a0579bf elementor-widget elementor-widget-image\" data-id=\"a0579bf\" data-element_type=\"widget\" data-widget_type=\"image.default\">\n\t\t\t\t<div class=\"elementor-widget-container\">\n\t\t\t\t\t\t\t\t\t\t\t\t\t\t\t<img decoding=\"async\" width=\"560\" height=\"1024\" src=\"https:\/\/atic.com.br\/loja\/wp-content\/uploads\/2025\/08\/DOBRA-6-560x1024.png\" class=\"attachment-large size-large wp-image-3311\" alt=\"\" srcset=\"https:\/\/atic.com.br\/loja\/wp-content\/uploads\/2025\/08\/DOBRA-6-560x1024.png 560w, https:\/\/atic.com.br\/loja\/wp-content\/uploads\/2025\/08\/DOBRA-6-164x300.png 164w, https:\/\/atic.com.br\/loja\/wp-content\/uploads\/2025\/08\/DOBRA-6-768x1404.png 768w, https:\/\/atic.com.br\/loja\/wp-content\/uploads\/2025\/08\/DOBRA-6-840x1536.png 840w, https:\/\/atic.com.br\/loja\/wp-content\/uploads\/2025\/08\/DOBRA-6-600x1097.png 600w, https:\/\/atic.com.br\/loja\/wp-content\/uploads\/2025\/08\/DOBRA-6.png 841w\" sizes=\"(max-width: 560px) 100vw, 560px\" \/>\t\t\t\t\t\t\t\t\t\t\t\t\t\t\t<\/div>\n\t\t\t\t<\/div>\n\t\t\t\t\t<\/div>\n\t\t\t\t<\/div>\n\t\t<div class=\"elementor-element elementor-element-db64c40 elementor-hidden-tablet elementor-hidden-mobile e-flex e-con-boxed e-con e-parent\" data-id=\"db64c40\" data-element_type=\"container\">\n\t\t\t\t\t<div class=\"e-con-inner\">\n\t\t\t\t<div class=\"elementor-element elementor-element-3d11031 elementor-widget elementor-widget-image\" data-id=\"3d11031\" data-element_type=\"widget\" data-widget_type=\"image.default\">\n\t\t\t\t<div class=\"elementor-widget-container\">\n\t\t\t\t\t\t\t\t\t\t\t\t\t\t\t<img loading=\"lazy\" decoding=\"async\" width=\"800\" height=\"445\" src=\"https:\/\/atic.com.br\/loja\/wp-content\/uploads\/2025\/08\/DOBRA-5-1-1024x569.png\" class=\"attachment-large size-large wp-image-3223\" alt=\"\" srcset=\"https:\/\/atic.com.br\/loja\/wp-content\/uploads\/2025\/08\/DOBRA-5-1-1024x569.png 1024w, https:\/\/atic.com.br\/loja\/wp-content\/uploads\/2025\/08\/DOBRA-5-1-300x167.png 300w, https:\/\/atic.com.br\/loja\/wp-content\/uploads\/2025\/08\/DOBRA-5-1-768x427.png 768w, https:\/\/atic.com.br\/loja\/wp-content\/uploads\/2025\/08\/DOBRA-5-1-1320x734.png 1320w, https:\/\/atic.com.br\/loja\/wp-content\/uploads\/2025\/08\/DOBRA-5-1-600x334.png 600w, https:\/\/atic.com.br\/loja\/wp-content\/uploads\/2025\/08\/DOBRA-5-1.png 1471w\" sizes=\"(max-width: 800px) 100vw, 800px\" \/>\t\t\t\t\t\t\t\t\t\t\t\t\t\t\t<\/div>\n\t\t\t\t<\/div>\n\t\t\t\t\t<\/div>\n\t\t\t\t<\/div>\n\t\t\t\t<\/div>\n\t\t","protected":false},"excerpt":{"rendered":"<p>Seja Bem Vindo \u00c1 ATIC Tecnologia do Brasil Aqui voc\u00ea encontra solu\u00e7\u00f5es para suas obras e treinamentos FALE CONOSCO Explore Nossos Cursos Online de Capacita\u00e7\u00e3o Profissional Online! Abaixo, apresentamos nossos cursos mais destacados, abrangendo uma variedade de \u00e1reas do conhecimento. Prepare-se para explorar informa\u00e7\u00f5es e dicas relevantes em cada curso, permitindo que voc\u00ea conhe\u00e7a diferentes [&hellip;]<\/p>\n","protected":false},"author":1,"featured_media":0,"parent":0,"menu_order":0,"comment_status":"closed","ping_status":"closed","template":"","meta":{"_monsterinsights_skip_tracking":false,"_monsterinsights_sitenote_active":false,"_monsterinsights_sitenote_note":"","_monsterinsights_sitenote_category":0,"_uf_show_specific_survey":0,"_uf_disable_surveys":false,"_joinchat":[],"footnotes":""},"class_list":["post-3213","page","type-page","status-publish","hentry"],"aioseo_notices":[],"_links":{"self":[{"href":"https:\/\/atic.com.br\/loja\/wp-json\/wp\/v2\/pages\/3213","targetHints":{"allow":["GET"]}}],"collection":[{"href":"https:\/\/atic.com.br\/loja\/wp-json\/wp\/v2\/pages"}],"about":[{"href":"https:\/\/atic.com.br\/loja\/wp-json\/wp\/v2\/types\/page"}],"author":[{"embeddable":true,"href":"https:\/\/atic.com.br\/loja\/wp-json\/wp\/v2\/users\/1"}],"replies":[{"embeddable":true,"href":"https:\/\/atic.com.br\/loja\/wp-json\/wp\/v2\/comments?post=3213"}],"version-history":[{"count":28,"href":"https:\/\/atic.com.br\/loja\/wp-json\/wp\/v2\/pages\/3213\/revisions"}],"predecessor-version":[{"id":3347,"href":"https:\/\/atic.com.br\/loja\/wp-json\/wp\/v2\/pages\/3213\/revisions\/3347"}],"wp:attachment":[{"href":"https:\/\/atic.com.br\/loja\/wp-json\/wp\/v2\/media?parent=3213"}],"curies":[{"name":"wp","href":"https:\/\/api.w.org\/{rel}","templated":true}]}}