{"id":1364,"date":"2023-07-25T18:10:32","date_gmt":"2023-07-25T18:10:32","guid":{"rendered":"https:\/\/atic.com.br\/loja\/?page_id=1364"},"modified":"2025-08-25T17:25:20","modified_gmt":"2025-08-25T17:25:20","slug":"servicos","status":"publish","type":"page","link":"https:\/\/atic.com.br\/loja\/servicos\/","title":{"rendered":"Servi\u00e7os"},"content":{"rendered":"\t\t<div data-elementor-type=\"wp-page\" data-elementor-id=\"1364\" class=\"elementor elementor-1364\" data-elementor-post-type=\"page\">\n\t\t\t\t<div class=\"elementor-element elementor-element-83c7556 e-con-full e-flex e-con e-parent\" data-id=\"83c7556\" data-element_type=\"container\">\n\t\t\t\t<div class=\"elementor-element elementor-element-8911a4e elementor-widget elementor-widget-heading\" data-id=\"8911a4e\" data-element_type=\"widget\" data-widget_type=\"heading.default\">\n\t\t\t\t<div class=\"elementor-widget-container\">\n\t\t\t\t\t<h2 class=\"elementor-heading-title elementor-size-default\">ATENDIMENTO TECNOL\u00d3GICO<br>\nIND\u00daSTRIA E COM\u00c9RCIO<\/h2>\t\t\t\t<\/div>\n\t\t\t\t<\/div>\n\t\t\t\t<div class=\"elementor-element elementor-element-f3651aa elementor-widget__width-initial elementor-widget elementor-widget-heading\" data-id=\"f3651aa\" data-element_type=\"widget\" data-widget_type=\"heading.default\">\n\t\t\t\t<div class=\"elementor-widget-container\">\n\t\t\t\t\t<h2 class=\"elementor-heading-title elementor-size-default\">Na\u00a0ATIC Tecnologia do Brasil, sabemos que voc\u00ea se preocupa com a\u00a0seguran\u00e7a da sua empresa, colaboradores e clientes. Por isso, oferecemos\u00a0solu\u00e7\u00f5es completas em instala\u00e7\u00e3o e manuten\u00e7\u00e3o de sistemas de combate a inc\u00eandio, garantindo mais tranquilidade, preven\u00e7\u00e3o e conformidade com as normas de seguran\u00e7a.\nConte com uma equipe especializada e experiente para proteger o que realmente importa.<\/h2>\t\t\t\t<\/div>\n\t\t\t\t<\/div>\n\t\t\t\t<div class=\"elementor-element elementor-element-d2e648a elementor-align-center elementor-widget elementor-widget-button\" data-id=\"d2e648a\" data-element_type=\"widget\" data-widget_type=\"button.default\">\n\t\t\t\t<div class=\"elementor-widget-container\">\n\t\t\t\t\t\t\t\t\t<div class=\"elementor-button-wrapper\">\n\t\t\t\t\t<a class=\"elementor-button elementor-button-link elementor-size-lg\" href=\"https:\/\/api.whatsapp.com\/send\/?phone=5511945077437&#038;text=Ol%C3%A1%21+Vi+seu+an%C3%BAncio+no+google+e+tenho+interesse.&#038;type=phone_number&#038;app_absent=0\">\n\t\t\t\t\t\t<span class=\"elementor-button-content-wrapper\">\n\t\t\t\t\t\t<span class=\"elementor-button-icon\">\n\t\t\t\t<i aria-hidden=\"true\" class=\"fab fa-whatsapp\"><\/i>\t\t\t<\/span>\n\t\t\t\t\t\t\t\t\t<span class=\"elementor-button-text\">SOLICITAR OR\u00c7AMENTO<\/span>\n\t\t\t\t\t<\/span>\n\t\t\t\t\t<\/a>\n\t\t\t\t<\/div>\n\t\t\t\t\t\t\t\t<\/div>\n\t\t\t\t<\/div>\n\t\t\t\t<\/div>\n\t\t<div class=\"elementor-element elementor-element-c7d0b30 e-con-full e-flex e-con e-parent\" data-id=\"c7d0b30\" data-element_type=\"container\">\n\t\t<div class=\"elementor-element elementor-element-99bfb8c e-flex e-con-boxed e-con e-child\" data-id=\"99bfb8c\" data-element_type=\"container\">\n\t\t\t\t\t<div class=\"e-con-inner\">\n\t\t\t\t<div class=\"elementor-element elementor-element-20fdcfe elementor-widget elementor-widget-menu-anchor\" data-id=\"20fdcfe\" data-element_type=\"widget\" data-widget_type=\"menu-anchor.default\">\n\t\t\t\t<div class=\"elementor-widget-container\">\n\t\t\t\t\t\t\t<div class=\"elementor-menu-anchor\" id=\"sci1\"><\/div>\n\t\t\t\t\t\t<\/div>\n\t\t\t\t<\/div>\n\t\t\t\t\t<\/div>\n\t\t\t\t<\/div>\n\t\t\t\t<div class=\"elementor-element elementor-element-b1c397a elementor-widget elementor-widget-heading\" data-id=\"b1c397a\" data-element_type=\"widget\" data-widget_type=\"heading.default\">\n\t\t\t\t<div class=\"elementor-widget-container\">\n\t\t\t\t\t<h2 class=\"elementor-heading-title elementor-size-default\">Solu\u00e7\u00f5es completas\npara inc\u00eandios, <br>servi\u00e7os\nel\u00e9tricos e muito mais<\/h2>\t\t\t\t<\/div>\n\t\t\t\t<\/div>\n\t\t\t\t<div class=\"elementor-element elementor-element-19a3f74 elementor-widget-divider--view-line elementor-widget elementor-widget-divider\" data-id=\"19a3f74\" data-element_type=\"widget\" data-widget_type=\"divider.default\">\n\t\t\t\t<div class=\"elementor-widget-container\">\n\t\t\t\t\t\t\t<div class=\"elementor-divider\">\n\t\t\t<span class=\"elementor-divider-separator\">\n\t\t\t\t\t\t<\/span>\n\t\t<\/div>\n\t\t\t\t\t\t<\/div>\n\t\t\t\t<\/div>\n\t\t\t\t<div class=\"elementor-element elementor-element-3fce3bf elementor-widget elementor-widget-image\" data-id=\"3fce3bf\" data-element_type=\"widget\" data-widget_type=\"image.default\">\n\t\t\t\t<div class=\"elementor-widget-container\">\n\t\t\t\t\t\t\t\t\t\t\t\t\t\t\t<img fetchpriority=\"high\" decoding=\"async\" width=\"1136\" height=\"1233\" src=\"https:\/\/atic.com.br\/loja\/wp-content\/uploads\/2025\/08\/Frame-65.png\" class=\"attachment-full size-full wp-image-3238\" alt=\"\" srcset=\"https:\/\/atic.com.br\/loja\/wp-content\/uploads\/2025\/08\/Frame-65.png 1136w, https:\/\/atic.com.br\/loja\/wp-content\/uploads\/2025\/08\/Frame-65-276x300.png 276w, https:\/\/atic.com.br\/loja\/wp-content\/uploads\/2025\/08\/Frame-65-943x1024.png 943w, https:\/\/atic.com.br\/loja\/wp-content\/uploads\/2025\/08\/Frame-65-768x834.png 768w, https:\/\/atic.com.br\/loja\/wp-content\/uploads\/2025\/08\/Frame-65-600x651.png 600w\" sizes=\"(max-width: 1136px) 100vw, 1136px\" \/>\t\t\t\t\t\t\t\t\t\t\t\t\t\t\t<\/div>\n\t\t\t\t<\/div>\n\t\t\t\t<\/div>\n\t\t<div class=\"elementor-element elementor-element-71c70d9 e-flex e-con-boxed e-con e-parent\" data-id=\"71c70d9\" data-element_type=\"container\" data-settings=\"{&quot;background_background&quot;:&quot;classic&quot;}\">\n\t\t\t\t\t<div class=\"e-con-inner\">\n\t\t\t\t<div class=\"elementor-element elementor-element-e2066a0 elementor-widget elementor-widget-menu-anchor\" data-id=\"e2066a0\" data-element_type=\"widget\" data-widget_type=\"menu-anchor.default\">\n\t\t\t\t<div class=\"elementor-widget-container\">\n\t\t\t\t\t\t\t<div class=\"elementor-menu-anchor\" id=\"eletrico1\"><\/div>\n\t\t\t\t\t\t<\/div>\n\t\t\t\t<\/div>\n\t\t\t\t<div class=\"elementor-element elementor-element-49c6b93 elementor-widget elementor-widget-image\" data-id=\"49c6b93\" data-element_type=\"widget\" data-widget_type=\"image.default\">\n\t\t\t\t<div class=\"elementor-widget-container\">\n\t\t\t\t\t\t\t\t\t\t\t\t\t\t\t<img decoding=\"async\" width=\"1384\" height=\"426\" src=\"https:\/\/atic.com.br\/loja\/wp-content\/uploads\/2025\/08\/Frame-67.png\" class=\"attachment-full size-full wp-image-3239\" alt=\"\" srcset=\"https:\/\/atic.com.br\/loja\/wp-content\/uploads\/2025\/08\/Frame-67.png 1384w, https:\/\/atic.com.br\/loja\/wp-content\/uploads\/2025\/08\/Frame-67-300x92.png 300w, https:\/\/atic.com.br\/loja\/wp-content\/uploads\/2025\/08\/Frame-67-1024x315.png 1024w, https:\/\/atic.com.br\/loja\/wp-content\/uploads\/2025\/08\/Frame-67-768x236.png 768w, https:\/\/atic.com.br\/loja\/wp-content\/uploads\/2025\/08\/Frame-67-1320x406.png 1320w, https:\/\/atic.com.br\/loja\/wp-content\/uploads\/2025\/08\/Frame-67-600x185.png 600w\" sizes=\"(max-width: 1384px) 100vw, 1384px\" \/>\t\t\t\t\t\t\t\t\t\t\t\t\t\t\t<\/div>\n\t\t\t\t<\/div>\n\t\t\t\t<div class=\"elementor-element elementor-element-1ecf6f0 elementor-widget elementor-widget-image\" data-id=\"1ecf6f0\" data-element_type=\"widget\" data-widget_type=\"image.default\">\n\t\t\t\t<div class=\"elementor-widget-container\">\n\t\t\t\t\t\t\t\t\t\t\t\t\t\t\t\t<a href=\"https:\/\/api.whatsapp.com\/send\/?phone=5511945077437&#038;text=Ol%C3%A1%21+Vi+seu+an%C3%BAncio+no+google+e+tenho+interesse.&#038;type=phone_number&#038;app_absent=0\">\n\t\t\t\t\t\t\t<img decoding=\"async\" width=\"1384\" height=\"121\" src=\"https:\/\/atic.com.br\/loja\/wp-content\/uploads\/2025\/08\/perguntas-frequentes-3.png\" class=\"attachment-full size-full wp-image-3339\" alt=\"\" srcset=\"https:\/\/atic.com.br\/loja\/wp-content\/uploads\/2025\/08\/perguntas-frequentes-3.png 1384w, https:\/\/atic.com.br\/loja\/wp-content\/uploads\/2025\/08\/perguntas-frequentes-3-300x26.png 300w, https:\/\/atic.com.br\/loja\/wp-content\/uploads\/2025\/08\/perguntas-frequentes-3-1024x90.png 1024w, https:\/\/atic.com.br\/loja\/wp-content\/uploads\/2025\/08\/perguntas-frequentes-3-768x67.png 768w, https:\/\/atic.com.br\/loja\/wp-content\/uploads\/2025\/08\/perguntas-frequentes-3-1320x115.png 1320w, https:\/\/atic.com.br\/loja\/wp-content\/uploads\/2025\/08\/perguntas-frequentes-3-600x52.png 600w\" sizes=\"(max-width: 1384px) 100vw, 1384px\" \/>\t\t\t\t\t\t\t\t<\/a>\n\t\t\t\t\t\t\t\t\t\t\t\t\t\t\t<\/div>\n\t\t\t\t<\/div>\n\t\t\t\t<div class=\"elementor-element elementor-element-b1526da elementor-widget elementor-widget-image\" data-id=\"b1526da\" data-element_type=\"widget\" data-widget_type=\"image.default\">\n\t\t\t\t<div class=\"elementor-widget-container\">\n\t\t\t\t\t\t\t\t\t\t\t\t\t\t\t<img loading=\"lazy\" decoding=\"async\" width=\"1412\" height=\"984\" src=\"https:\/\/atic.com.br\/loja\/wp-content\/uploads\/2025\/08\/Frame-1171275169-1.png\" class=\"attachment-full size-full wp-image-3336\" alt=\"\" srcset=\"https:\/\/atic.com.br\/loja\/wp-content\/uploads\/2025\/08\/Frame-1171275169-1.png 1412w, https:\/\/atic.com.br\/loja\/wp-content\/uploads\/2025\/08\/Frame-1171275169-1-300x209.png 300w, https:\/\/atic.com.br\/loja\/wp-content\/uploads\/2025\/08\/Frame-1171275169-1-1024x714.png 1024w, https:\/\/atic.com.br\/loja\/wp-content\/uploads\/2025\/08\/Frame-1171275169-1-768x535.png 768w, https:\/\/atic.com.br\/loja\/wp-content\/uploads\/2025\/08\/Frame-1171275169-1-1320x920.png 1320w, https:\/\/atic.com.br\/loja\/wp-content\/uploads\/2025\/08\/Frame-1171275169-1-600x418.png 600w\" sizes=\"(max-width: 1412px) 100vw, 1412px\" \/>\t\t\t\t\t\t\t\t\t\t\t\t\t\t\t<\/div>\n\t\t\t\t<\/div>\n\t\t\t\t\t<\/div>\n\t\t\t\t<\/div>\n\t\t<div class=\"elementor-element elementor-element-07f7e2c e-flex e-con-boxed e-con e-parent\" data-id=\"07f7e2c\" data-element_type=\"container\">\n\t\t\t\t\t<div class=\"e-con-inner\">\n\t\t\t\t<div class=\"elementor-element elementor-element-85c08fd elementor-widget elementor-widget-menu-anchor\" data-id=\"85c08fd\" data-element_type=\"widget\" data-widget_type=\"menu-anchor.default\">\n\t\t\t\t<div class=\"elementor-widget-container\">\n\t\t\t\t\t\t\t<div class=\"elementor-menu-anchor\" id=\"eletrica\"><\/div>\n\t\t\t\t\t\t<\/div>\n\t\t\t\t<\/div>\n\t\t\t\t<div class=\"elementor-element elementor-element-ea3f1ef elementor-widget elementor-widget-image\" data-id=\"ea3f1ef\" data-element_type=\"widget\" data-widget_type=\"image.default\">\n\t\t\t\t<div class=\"elementor-widget-container\">\n\t\t\t\t\t\t\t\t\t\t\t\t\t\t\t<img loading=\"lazy\" decoding=\"async\" width=\"1384\" height=\"425\" src=\"https:\/\/atic.com.br\/loja\/wp-content\/uploads\/2025\/08\/Frame-67-1.png\" class=\"attachment-full size-full wp-image-3242\" alt=\"\" srcset=\"https:\/\/atic.com.br\/loja\/wp-content\/uploads\/2025\/08\/Frame-67-1.png 1384w, https:\/\/atic.com.br\/loja\/wp-content\/uploads\/2025\/08\/Frame-67-1-300x92.png 300w, https:\/\/atic.com.br\/loja\/wp-content\/uploads\/2025\/08\/Frame-67-1-1024x314.png 1024w, https:\/\/atic.com.br\/loja\/wp-content\/uploads\/2025\/08\/Frame-67-1-768x236.png 768w, https:\/\/atic.com.br\/loja\/wp-content\/uploads\/2025\/08\/Frame-67-1-1320x405.png 1320w, https:\/\/atic.com.br\/loja\/wp-content\/uploads\/2025\/08\/Frame-67-1-600x184.png 600w\" sizes=\"(max-width: 1384px) 100vw, 1384px\" \/>\t\t\t\t\t\t\t\t\t\t\t\t\t\t\t<\/div>\n\t\t\t\t<\/div>\n\t\t\t\t<div class=\"elementor-element elementor-element-7406d99 elementor-widget elementor-widget-image\" data-id=\"7406d99\" data-element_type=\"widget\" data-widget_type=\"image.default\">\n\t\t\t\t<div class=\"elementor-widget-container\">\n\t\t\t\t\t\t\t\t\t\t\t\t\t\t\t\t<a href=\"https:\/\/api.whatsapp.com\/send\/?phone=5511945077437&#038;text=Ol%C3%A1%21+Vi+seu+an%C3%BAncio+no+google+e+tenho+interesse.&#038;type=phone_number&#038;app_absent=0\">\n\t\t\t\t\t\t\t<img loading=\"lazy\" decoding=\"async\" width=\"1384\" height=\"121\" src=\"https:\/\/atic.com.br\/loja\/wp-content\/uploads\/2025\/08\/perguntas-frequentes-2.png\" class=\"attachment-full size-full wp-image-3338\" alt=\"\" srcset=\"https:\/\/atic.com.br\/loja\/wp-content\/uploads\/2025\/08\/perguntas-frequentes-2.png 1384w, https:\/\/atic.com.br\/loja\/wp-content\/uploads\/2025\/08\/perguntas-frequentes-2-300x26.png 300w, https:\/\/atic.com.br\/loja\/wp-content\/uploads\/2025\/08\/perguntas-frequentes-2-1024x90.png 1024w, https:\/\/atic.com.br\/loja\/wp-content\/uploads\/2025\/08\/perguntas-frequentes-2-768x67.png 768w, https:\/\/atic.com.br\/loja\/wp-content\/uploads\/2025\/08\/perguntas-frequentes-2-1320x115.png 1320w, https:\/\/atic.com.br\/loja\/wp-content\/uploads\/2025\/08\/perguntas-frequentes-2-600x52.png 600w\" sizes=\"(max-width: 1384px) 100vw, 1384px\" \/>\t\t\t\t\t\t\t\t<\/a>\n\t\t\t\t\t\t\t\t\t\t\t\t\t\t\t<\/div>\n\t\t\t\t<\/div>\n\t\t\t\t<div class=\"elementor-element elementor-element-0e17c33 elementor-widget elementor-widget-image\" data-id=\"0e17c33\" data-element_type=\"widget\" data-widget_type=\"image.default\">\n\t\t\t\t<div class=\"elementor-widget-container\">\n\t\t\t\t\t\t\t\t\t\t\t\t\t\t\t<img loading=\"lazy\" decoding=\"async\" width=\"1413\" height=\"984\" src=\"https:\/\/atic.com.br\/loja\/wp-content\/uploads\/2025\/08\/Frame-1171275169-2.png\" class=\"attachment-full size-full wp-image-3337\" alt=\"\" srcset=\"https:\/\/atic.com.br\/loja\/wp-content\/uploads\/2025\/08\/Frame-1171275169-2.png 1413w, https:\/\/atic.com.br\/loja\/wp-content\/uploads\/2025\/08\/Frame-1171275169-2-300x209.png 300w, https:\/\/atic.com.br\/loja\/wp-content\/uploads\/2025\/08\/Frame-1171275169-2-1024x713.png 1024w, https:\/\/atic.com.br\/loja\/wp-content\/uploads\/2025\/08\/Frame-1171275169-2-768x535.png 768w, https:\/\/atic.com.br\/loja\/wp-content\/uploads\/2025\/08\/Frame-1171275169-2-1320x919.png 1320w, https:\/\/atic.com.br\/loja\/wp-content\/uploads\/2025\/08\/Frame-1171275169-2-600x418.png 600w\" sizes=\"(max-width: 1413px) 100vw, 1413px\" \/>\t\t\t\t\t\t\t\t\t\t\t\t\t\t\t<\/div>\n\t\t\t\t<\/div>\n\t\t\t\t\t<\/div>\n\t\t\t\t<\/div>\n\t\t\t\t<\/div>\n\t\t","protected":false},"excerpt":{"rendered":"<p>ATENDIMENTO TECNOL\u00d3GICO IND\u00daSTRIA E COM\u00c9RCIO Na\u00a0ATIC Tecnologia do Brasil, sabemos que voc\u00ea se preocupa com a\u00a0seguran\u00e7a da sua empresa, colaboradores e clientes. Por isso, oferecemos\u00a0solu\u00e7\u00f5es completas em instala\u00e7\u00e3o e manuten\u00e7\u00e3o de sistemas de combate a inc\u00eandio, garantindo mais tranquilidade, preven\u00e7\u00e3o e conformidade com as normas de seguran\u00e7a. Conte com uma equipe especializada e experiente para [&hellip;]<\/p>\n","protected":false},"author":1,"featured_media":0,"parent":0,"menu_order":0,"comment_status":"closed","ping_status":"closed","template":"","meta":{"_monsterinsights_skip_tracking":false,"_monsterinsights_sitenote_active":false,"_monsterinsights_sitenote_note":"","_monsterinsights_sitenote_category":0,"_uf_show_specific_survey":0,"_uf_disable_surveys":false,"_joinchat":[],"footnotes":""},"class_list":["post-1364","page","type-page","status-publish","hentry"],"aioseo_notices":[],"_links":{"self":[{"href":"https:\/\/atic.com.br\/loja\/wp-json\/wp\/v2\/pages\/1364","targetHints":{"allow":["GET"]}}],"collection":[{"href":"https:\/\/atic.com.br\/loja\/wp-json\/wp\/v2\/pages"}],"about":[{"href":"https:\/\/atic.com.br\/loja\/wp-json\/wp\/v2\/types\/page"}],"author":[{"embeddable":true,"href":"https:\/\/atic.com.br\/loja\/wp-json\/wp\/v2\/users\/1"}],"replies":[{"embeddable":true,"href":"https:\/\/atic.com.br\/loja\/wp-json\/wp\/v2\/comments?post=1364"}],"version-history":[{"count":430,"href":"https:\/\/atic.com.br\/loja\/wp-json\/wp\/v2\/pages\/1364\/revisions"}],"predecessor-version":[{"id":3342,"href":"https:\/\/atic.com.br\/loja\/wp-json\/wp\/v2\/pages\/1364\/revisions\/3342"}],"wp:attachment":[{"href":"https:\/\/atic.com.br\/loja\/wp-json\/wp\/v2\/media?parent=1364"}],"curies":[{"name":"wp","href":"https:\/\/api.w.org\/{rel}","templated":true}]}}